{"id":1422,"date":"2021-07-06T01:13:45","date_gmt":"2021-07-05T23:13:45","guid":{"rendered":"https:\/\/dnorma.fr\/dnorma\/?page_id=1422"},"modified":"2026-03-28T19:57:28","modified_gmt":"2026-03-28T18:57:28","slug":"faq","status":"publish","type":"page","link":"https:\/\/dnorma.fr\/dnorma\/faq\/","title":{"rendered":"FAQ"},"content":{"rendered":"\t\t<div data-elementor-type=\"wp-page\" data-elementor-id=\"1422\" class=\"elementor elementor-1422\" data-elementor-settings=\"[]\">\n\t\t\t\t\t\t<div class=\"elementor-inner\">\n\t\t\t\t\t\t\t<div class=\"elementor-section-wrap\">\n\t\t\t\t\t\t\t<section class=\"has_eae_slider elementor-section elementor-top-section elementor-element elementor-element-8d1f898 elementor-section-boxed elementor-section-height-default elementor-section-height-default\" data-id=\"8d1f898\" data-element_type=\"section\">\n\t\t\t\t\t\t<div class=\"elementor-container elementor-column-gap-default\">\n\t\t\t\t\t\t\t<div class=\"elementor-row\">\n\t\t\t\t\t<div class=\"has_eae_slider elementor-column elementor-col-100 elementor-top-column elementor-element elementor-element-c52ae6a\" data-id=\"c52ae6a\" data-element_type=\"column\">\n\t\t\t<div class=\"elementor-column-wrap elementor-element-populated\">\n\t\t\t\t\t\t\t<div class=\"elementor-widget-wrap\">\n\t\t\t\t\t\t<div class=\"elementor-element elementor-element-720fd26 elementor-widget elementor-widget-image\" data-id=\"720fd26\" data-element_type=\"widget\" data-widget_type=\"image.default\">\n\t\t\t\t<div class=\"elementor-widget-container\">\n\t\t\t\t\t\t\t\t<div class=\"elementor-image\">\n\t\t\t\t\t\t\t\t\t\t\t\t<img width=\"1024\" height=\"401\" src=\"https:\/\/dnorma.fr\/dnorma\/wp-content\/uploads\/2021\/07\/60eb70b91a630.jpg\" class=\"attachment-full size-full\" alt=\"\" loading=\"lazy\" srcset=\"https:\/\/dnorma.fr\/dnorma\/wp-content\/uploads\/2021\/07\/60eb70b91a630.jpg 1024w, https:\/\/dnorma.fr\/dnorma\/wp-content\/uploads\/2021\/07\/60eb70b91a630-300x117.jpg 300w, https:\/\/dnorma.fr\/dnorma\/wp-content\/uploads\/2021\/07\/60eb70b91a630-768x301.jpg 768w\" sizes=\"(max-width: 1024px) 100vw, 1024px\" \/>\t\t\t\t\t\t\t\t\t\t\t\t\t\t<\/div>\n\t\t\t\t\t\t<\/div>\n\t\t\t\t<\/div>\n\t\t\t\t\t\t<\/div>\n\t\t\t\t\t<\/div>\n\t\t<\/div>\n\t\t\t\t\t\t\t\t<\/div>\n\t\t\t\t\t<\/div>\n\t\t<\/section>\n\t\t\t\t<section class=\"has_eae_slider elementor-section elementor-top-section elementor-element elementor-element-897062a elementor-section-boxed elementor-section-height-default elementor-section-height-default\" data-id=\"897062a\" data-element_type=\"section\">\n\t\t\t\t\t\t<div class=\"elementor-container elementor-column-gap-default\">\n\t\t\t\t\t\t\t<div class=\"elementor-row\">\n\t\t\t\t\t<div class=\"has_eae_slider elementor-column elementor-col-100 elementor-top-column elementor-element elementor-element-206d630\" data-id=\"206d630\" data-element_type=\"column\">\n\t\t\t<div class=\"elementor-column-wrap elementor-element-populated\">\n\t\t\t\t\t\t\t<div class=\"elementor-widget-wrap\">\n\t\t\t\t\t\t<div class=\"elementor-element elementor-element-2547a8f elementor-widget elementor-widget-accordion\" data-id=\"2547a8f\" data-element_type=\"widget\" data-widget_type=\"accordion.default\">\n\t\t\t\t<div class=\"elementor-widget-container\">\n\t\t\t\t\t<div class=\"elementor-accordion\" role=\"tablist\">\n\t\t\t\t\t\t\t<div class=\"elementor-accordion-item\">\n\t\t\t\t\t<div id=\"elementor-tab-title-3901\" class=\"elementor-tab-title\" data-tab=\"1\" role=\"tab\" aria-controls=\"elementor-tab-content-3901\" aria-expanded=\"false\">\n\t\t\t\t\t\t\t\t\t\t\t\t\t<span class=\"elementor-accordion-icon elementor-accordion-icon-left\" aria-hidden=\"true\">\n\t\t\t\t\t\t\t\t\t\t\t\t\t\t\t<span class=\"elementor-accordion-icon-closed\"><i class=\"fas fa-plus\"><\/i><\/span>\n\t\t\t\t\t\t\t\t<span class=\"elementor-accordion-icon-opened\"><i class=\"fas fa-minus\"><\/i><\/span>\n\t\t\t\t\t\t\t\t\t\t\t\t\t\t<\/span>\n\t\t\t\t\t\t\t\t\t\t\t\t<a class=\"elementor-accordion-title\" href=\"\">Quel est votre d\u00e9lai de r\u00e9alisation des paies\u00a0?<\/a>\n\t\t\t\t\t<\/div>\n\t\t\t\t\t<div id=\"elementor-tab-content-3901\" class=\"elementor-tab-content elementor-clearfix\" data-tab=\"1\" role=\"tabpanel\" aria-labelledby=\"elementor-tab-title-3901\"><p>D\u00e8s r\u00e9ception de vos \u00e9l\u00e9ments variables de paie (nbre d\u2019heures suppl\u00e9mentaires, montant des primes, absences etc) nous mettons vos paies \u00e0 disposition au plus tard sous 48h ouvr\u00e9es, voir m\u00eame avant si cela nous est possible.<\/p><\/div>\n\t\t\t\t<\/div>\n\t\t\t\t\t\t\t<div class=\"elementor-accordion-item\">\n\t\t\t\t\t<div id=\"elementor-tab-title-3902\" class=\"elementor-tab-title\" data-tab=\"2\" role=\"tab\" aria-controls=\"elementor-tab-content-3902\" aria-expanded=\"false\">\n\t\t\t\t\t\t\t\t\t\t\t\t\t<span class=\"elementor-accordion-icon elementor-accordion-icon-left\" aria-hidden=\"true\">\n\t\t\t\t\t\t\t\t\t\t\t\t\t\t\t<span class=\"elementor-accordion-icon-closed\"><i class=\"fas fa-plus\"><\/i><\/span>\n\t\t\t\t\t\t\t\t<span class=\"elementor-accordion-icon-opened\"><i class=\"fas fa-minus\"><\/i><\/span>\n\t\t\t\t\t\t\t\t\t\t\t\t\t\t<\/span>\n\t\t\t\t\t\t\t\t\t\t\t\t<a class=\"elementor-accordion-title\" href=\"\">Pourquoi mettez vous en avant votre logiciel, quel est l\u2019int\u00e9r\u00eat du logiciel SILAE\u00a0?<\/a>\n\t\t\t\t\t<\/div>\n\t\t\t\t\t<div id=\"elementor-tab-content-3902\" class=\"elementor-tab-content elementor-clearfix\" data-tab=\"2\" role=\"tabpanel\" aria-labelledby=\"elementor-tab-title-3902\"><p>Tout simplement parce que nous voulons mettre \u00e0 votre disposition un outil performant, qui a fait ses preuves : il contribue \u00e0 r\u00e9aliser 4 millions de bulletins de paie par mois. Ce logiciel est \u00e0 la pointe des \u00e9volutions en paie, il est un vrai soutien aux entreprises et aux gestionnaires de paie. Cet outil permet \u00e9galement de mettre \u00e0 disposition de vos salari\u00e9s la fonction paie pilote qui est un portail salari\u00e9 permettant un acc\u00e8s via ordinateur et<br \/>smartphone \u00e0 ses bulletins de paie et aux demandes d\u2019absences. Il permet \u00e9galement \u00e0 l\u2019entreprise de disposer d\u2019un portail de saisie si vous souhaitez avoir l\u2019enti\u00e8re ma\u00eetrise de la saisie de vos variables de paie.<\/p><\/div>\n\t\t\t\t<\/div>\n\t\t\t\t\t\t\t<div class=\"elementor-accordion-item\">\n\t\t\t\t\t<div id=\"elementor-tab-title-3903\" class=\"elementor-tab-title\" data-tab=\"3\" role=\"tab\" aria-controls=\"elementor-tab-content-3903\" aria-expanded=\"false\">\n\t\t\t\t\t\t\t\t\t\t\t\t\t<span class=\"elementor-accordion-icon elementor-accordion-icon-left\" aria-hidden=\"true\">\n\t\t\t\t\t\t\t\t\t\t\t\t\t\t\t<span class=\"elementor-accordion-icon-closed\"><i class=\"fas fa-plus\"><\/i><\/span>\n\t\t\t\t\t\t\t\t<span class=\"elementor-accordion-icon-opened\"><i class=\"fas fa-minus\"><\/i><\/span>\n\t\t\t\t\t\t\t\t\t\t\t\t\t\t<\/span>\n\t\t\t\t\t\t\t\t\t\t\t\t<a class=\"elementor-accordion-title\" href=\"\">Qu\u2019est-ce que c\u2019est la DSN\u00a0?<\/a>\n\t\t\t\t\t<\/div>\n\t\t\t\t\t<div id=\"elementor-tab-content-3903\" class=\"elementor-tab-content elementor-clearfix\" data-tab=\"3\" role=\"tabpanel\" aria-labelledby=\"elementor-tab-title-3903\"><p>C\u2019est un fichier qui recense l\u2019ensemble des donn\u00e9es \u00e0 transmettre aux organismes sociaux (urssaf, retraite, pr\u00e9voyance, mutuelle, dgfip, caisse de cong\u00e9s, etc.). Ce fichier est \u00e0 envoyer chaque mois et doit r\u00e9pondre \u00e0 un formalisme tr\u00e8s pr\u00e9cis compos\u00e9 de plusieurs dizaines de rubriques. Si l\u2019une d\u2019entre elles est mal param\u00e9tr\u00e9e, la DSN se voit rejet\u00e9e vous exposant \u00e0 des p\u00e9nalit\u00e9s financi\u00e8res appliqu\u00e9es par les organismes sociaux.<\/p><\/div>\n\t\t\t\t<\/div>\n\t\t\t\t\t\t\t<div class=\"elementor-accordion-item\">\n\t\t\t\t\t<div id=\"elementor-tab-title-3904\" class=\"elementor-tab-title\" data-tab=\"4\" role=\"tab\" aria-controls=\"elementor-tab-content-3904\" aria-expanded=\"false\">\n\t\t\t\t\t\t\t\t\t\t\t\t\t<span class=\"elementor-accordion-icon elementor-accordion-icon-left\" aria-hidden=\"true\">\n\t\t\t\t\t\t\t\t\t\t\t\t\t\t\t<span class=\"elementor-accordion-icon-closed\"><i class=\"fas fa-plus\"><\/i><\/span>\n\t\t\t\t\t\t\t\t<span class=\"elementor-accordion-icon-opened\"><i class=\"fas fa-minus\"><\/i><\/span>\n\t\t\t\t\t\t\t\t\t\t\t\t\t\t<\/span>\n\t\t\t\t\t\t\t\t\t\t\t\t<a class=\"elementor-accordion-title\" href=\"\">Comment d\u00e9clarer l\u2019embauche de mon salari\u00e9\u00a0?<\/a>\n\t\t\t\t\t<\/div>\n\t\t\t\t\t<div id=\"elementor-tab-content-3904\" class=\"elementor-tab-content elementor-clearfix\" data-tab=\"4\" role=\"tabpanel\" aria-labelledby=\"elementor-tab-title-3904\"><p>Tout d\u00e9pend de la situation de votre salari\u00e9. Il faudra de toute fa\u00e7on faire une d\u00e9claration \u00e0 l\u2019urssaf (nous nous en chargeons). S\u2019il est \u00e9tranger, il y a une d\u00e9claration en pr\u00e9fecture \u00e0 faire. S\u2019il est mineur, il faudra aussi pr\u00e9venir l\u2019inspection du travail. Ensuite, il convient de faire votre affiliation \u00e0 la caisse de retraite (nous nous en chargerons), et aux caisses de pr\u00e9voyance et mutuelle (le choix de la caisse vous revient, nous pourrons vous aider dans votre choix).<\/p><\/div>\n\t\t\t\t<\/div>\n\t\t\t\t\t\t\t<div class=\"elementor-accordion-item\">\n\t\t\t\t\t<div id=\"elementor-tab-title-3905\" class=\"elementor-tab-title\" data-tab=\"5\" role=\"tab\" aria-controls=\"elementor-tab-content-3905\" aria-expanded=\"false\">\n\t\t\t\t\t\t\t\t\t\t\t\t\t<span class=\"elementor-accordion-icon elementor-accordion-icon-left\" aria-hidden=\"true\">\n\t\t\t\t\t\t\t\t\t\t\t\t\t\t\t<span class=\"elementor-accordion-icon-closed\"><i class=\"fas fa-plus\"><\/i><\/span>\n\t\t\t\t\t\t\t\t<span class=\"elementor-accordion-icon-opened\"><i class=\"fas fa-minus\"><\/i><\/span>\n\t\t\t\t\t\t\t\t\t\t\t\t\t\t<\/span>\n\t\t\t\t\t\t\t\t\t\t\t\t<a class=\"elementor-accordion-title\" href=\"\">Ai-je un interlocuteur unique pour mon dossier\u00a0?<\/a>\n\t\t\t\t\t<\/div>\n\t\t\t\t\t<div id=\"elementor-tab-content-3905\" class=\"elementor-tab-content elementor-clearfix\" data-tab=\"5\" role=\"tabpanel\" aria-labelledby=\"elementor-tab-title-3905\"><p>Pour le moment, nous sommes 2 interlocutrices : Touria et Nathalie. Nous connaissons toutes 2 votre dossier parfaitement ce qui nous permet de toujours pouvoir vous apporter une r\u00e9ponse quelque soit les absences de l\u2019une ou de l\u2019autre. Chez nous, on ne vous r\u00e9pondra pas : &#8220;votre gestionnaire est en vacances, recontactez nous dans 2 semaines !&#8221;<\/p><\/div>\n\t\t\t\t<\/div>\n\t\t\t\t\t\t\t<div class=\"elementor-accordion-item\">\n\t\t\t\t\t<div id=\"elementor-tab-title-3906\" class=\"elementor-tab-title\" data-tab=\"6\" role=\"tab\" aria-controls=\"elementor-tab-content-3906\" aria-expanded=\"false\">\n\t\t\t\t\t\t\t\t\t\t\t\t\t<span class=\"elementor-accordion-icon elementor-accordion-icon-left\" aria-hidden=\"true\">\n\t\t\t\t\t\t\t\t\t\t\t\t\t\t\t<span class=\"elementor-accordion-icon-closed\"><i class=\"fas fa-plus\"><\/i><\/span>\n\t\t\t\t\t\t\t\t<span class=\"elementor-accordion-icon-opened\"><i class=\"fas fa-minus\"><\/i><\/span>\n\t\t\t\t\t\t\t\t\t\t\t\t\t\t<\/span>\n\t\t\t\t\t\t\t\t\t\t\t\t<a class=\"elementor-accordion-title\" href=\"\">J\u2019aimerai bien comprendre les r\u00e8gles d\u2019un bulletin de paie, peut-on pr\u00e9voir 1 heure ensemble pour passer en revue l\u2019organisation du bulletin\u00a0?<\/a>\n\t\t\t\t\t<\/div>\n\t\t\t\t\t<div id=\"elementor-tab-content-3906\" class=\"elementor-tab-content elementor-clearfix\" data-tab=\"6\" role=\"tabpanel\" aria-labelledby=\"elementor-tab-title-3906\"><p>Bien s\u00fbr, nous avons tout int\u00e9r\u00eat \u00e0 ce que vous compreniez bien les bulletins de paie car vous devez \u00eatre s\u00fbr de vous lorsque vous le pr\u00e9senterez \u00e0 votre salari\u00e9. Nous prendrons le temps qu\u2019il faudra ensemble.<\/p><\/div>\n\t\t\t\t<\/div>\n\t\t\t\t\t\t\t<div class=\"elementor-accordion-item\">\n\t\t\t\t\t<div id=\"elementor-tab-title-3907\" class=\"elementor-tab-title\" data-tab=\"7\" role=\"tab\" aria-controls=\"elementor-tab-content-3907\" aria-expanded=\"false\">\n\t\t\t\t\t\t\t\t\t\t\t\t\t<span class=\"elementor-accordion-icon elementor-accordion-icon-left\" aria-hidden=\"true\">\n\t\t\t\t\t\t\t\t\t\t\t\t\t\t\t<span class=\"elementor-accordion-icon-closed\"><i class=\"fas fa-plus\"><\/i><\/span>\n\t\t\t\t\t\t\t\t<span class=\"elementor-accordion-icon-opened\"><i class=\"fas fa-minus\"><\/i><\/span>\n\t\t\t\t\t\t\t\t\t\t\t\t\t\t<\/span>\n\t\t\t\t\t\t\t\t\t\t\t\t<a class=\"elementor-accordion-title\" href=\"\">Pouvez-vous expliquer le bulletin vous-m\u00eame \u00e0 mes salari\u00e9s lorsqu\u2019ils ont des questions\u00a0?<\/a>\n\t\t\t\t\t<\/div>\n\t\t\t\t\t<div id=\"elementor-tab-content-3907\" class=\"elementor-tab-content elementor-clearfix\" data-tab=\"7\" role=\"tabpanel\" aria-labelledby=\"elementor-tab-title-3907\"><p>Non, c\u2019est important que vous soyez notre interlocuteur d\u00e9di\u00e9 pour ce qui est de la paie. En effet, vous devez bien comprendre les bulletins afin d\u2019assoir votre autorit\u00e9 d\u2019employeur d\u2019une part, mais aussi de bien les v\u00e9rifier une fois r\u00e9ceptionn\u00e9s.<br>Comprendre les bulletins de paie fait aussi partie de la culture du chef d\u2019entreprise. Ne vous inqui\u00e9tez pas, vous maitriserez&nbsp;<span style=\"font-size: 15px; font-style: normal; font-weight: 400; font-family: var( --e-global-typography-text-font-family );\">bient\u00f4t<\/span><span style=\"font-size: 15px; font-style: normal; font-weight: 400; font-family: var( --e-global-typography-text-font-family );\">&nbsp;<\/span><span style=\"font-size: 15px; font-family: var( --e-global-typography-text-font-family );\">les secrets des bulletins&nbsp;!<\/span><\/p><\/div>\n\t\t\t\t<\/div>\n\t\t\t\t\t\t\t\t<\/div>\n\t\t\t\t<\/div>\n\t\t\t\t<\/div>\n\t\t\t\t\t\t<\/div>\n\t\t\t\t\t<\/div>\n\t\t<\/div>\n\t\t\t\t\t\t\t\t<\/div>\n\t\t\t\t\t<\/div>\n\t\t<\/section>\n\t\t\t\t\t\t<\/div>\n\t\t\t\t\t\t<\/div>\n\t\t\t\t\t<\/div>\n\t\t","protected":false},"excerpt":{"rendered":"<p>Quel est votre d\u00e9lai de r\u00e9alisation des paies\u00a0? D\u00e8s r\u00e9ception de vos \u00e9l\u00e9ments variables de paie (nbre d\u2019heures suppl\u00e9mentaires, montant des primes, absences etc) nous mettons vos paies \u00e0 disposition au plus tard sous 48h ouvr\u00e9es, voir m\u00eame avant si cela nous est possible. Pourquoi mettez vous en avant votre logiciel, quel est l\u2019int\u00e9r\u00eat du logiciel SILAE\u00a0? Tout simplement parce que nous voulons mettre \u00e0 votre disposition un outil performant, qui a fait ses preuves &hellip;<\/p>\n<p class=\"read-more\"> <a class=\"\" href=\"https:\/\/dnorma.fr\/dnorma\/faq\/\"> <span class=\"screen-reader-text\">FAQ<\/span> Lire la suite\u00a0\u00bb<\/a><\/p>\n","protected":false},"author":3,"featured_media":0,"parent":0,"menu_order":0,"comment_status":"closed","ping_status":"closed","template":"","meta":{"spay_email":""},"yoast_head":"<!-- This site is optimized with the Yoast SEO plugin v17.3 - https:\/\/yoast.com\/wordpress\/plugins\/seo\/ -->\n<title>FAQ - Dnorma conseil<\/title>\n<meta name=\"robots\" content=\"index, follow, max-snippet:-1, max-image-preview:large, max-video-preview:-1\" \/>\n<link rel=\"canonical\" href=\"https:\/\/dnorma.fr\/dnorma\/faq\/\" \/>\n<meta property=\"og:locale\" content=\"fr_FR\" \/>\n<meta property=\"og:type\" content=\"article\" \/>\n<meta property=\"og:title\" content=\"FAQ - Dnorma conseil\" \/>\n<meta property=\"og:description\" content=\"Quel est votre d\u00e9lai de r\u00e9alisation des paies\u00a0? D\u00e8s r\u00e9ception de vos \u00e9l\u00e9ments variables de paie (nbre d\u2019heures suppl\u00e9mentaires, montant des primes, absences etc) nous mettons vos paies \u00e0 disposition au plus tard sous 48h ouvr\u00e9es, voir m\u00eame avant si cela nous est possible. Pourquoi mettez vous en avant votre logiciel, quel est l\u2019int\u00e9r\u00eat du logiciel SILAE\u00a0? Tout simplement parce que nous voulons mettre \u00e0 votre disposition un outil performant, qui a fait ses preuves &hellip; FAQ Lire la suite\u00a0\u00bb\" \/>\n<meta property=\"og:url\" content=\"https:\/\/dnorma.fr\/dnorma\/faq\/\" \/>\n<meta property=\"og:site_name\" content=\"Dnorma conseil\" \/>\n<meta property=\"article:publisher\" content=\"https:\/\/www.facebook.com\/Dnorma-conseil-2096142100508361\" \/>\n<meta property=\"article:modified_time\" content=\"2026-03-28T18:57:28+00:00\" \/>\n<meta property=\"og:image\" content=\"https:\/\/dnorma.fr\/dnorma\/wp-content\/uploads\/2021\/07\/60eb70b91a630.jpg\" \/>\n<meta name=\"twitter:card\" content=\"summary_large_image\" \/>\n<meta name=\"twitter:site\" content=\"@ConseilDnorma\" \/>\n<meta name=\"twitter:label1\" content=\"Dur\u00e9e de lecture estim\u00e9e\" \/>\n\t<meta name=\"twitter:data1\" content=\"3 minutes\" \/>\n<script type=\"application\/ld+json\" class=\"yoast-schema-graph\">{\"@context\":\"https:\/\/schema.org\",\"@graph\":[{\"@type\":\"Organization\",\"@id\":\"https:\/\/dnorma.fr\/dnorma\/#organization\",\"name\":\"DNORMA CONSEIL\",\"url\":\"https:\/\/dnorma.fr\/dnorma\/\",\"sameAs\":[\"https:\/\/www.facebook.com\/Dnorma-conseil-2096142100508361\",\"https:\/\/www.instagram.com\/dnorma.conseil\",\"https:\/\/www.linkedin.com\/company\/dnorma-conseil\/\",\"https:\/\/twitter.com\/ConseilDnorma\"],\"logo\":{\"@type\":\"ImageObject\",\"@id\":\"https:\/\/dnorma.fr\/dnorma\/#logo\",\"inLanguage\":\"fr-FR\",\"url\":\"https:\/\/dnorma.fr\/dnorma\/wp-content\/uploads\/2019\/05\/dnorma.png\",\"contentUrl\":\"https:\/\/dnorma.fr\/dnorma\/wp-content\/uploads\/2019\/05\/dnorma.png\",\"width\":500,\"height\":500,\"caption\":\"DNORMA CONSEIL\"},\"image\":{\"@id\":\"https:\/\/dnorma.fr\/dnorma\/#logo\"}},{\"@type\":\"WebSite\",\"@id\":\"https:\/\/dnorma.fr\/dnorma\/#website\",\"url\":\"https:\/\/dnorma.fr\/dnorma\/\",\"name\":\"Dnorma conseil\",\"description\":\"Solution Paie &amp; Gestion du Personnel\",\"publisher\":{\"@id\":\"https:\/\/dnorma.fr\/dnorma\/#organization\"},\"potentialAction\":[{\"@type\":\"SearchAction\",\"target\":{\"@type\":\"EntryPoint\",\"urlTemplate\":\"https:\/\/dnorma.fr\/dnorma\/?s={search_term_string}\"},\"query-input\":\"required name=search_term_string\"}],\"inLanguage\":\"fr-FR\"},{\"@type\":\"ImageObject\",\"@id\":\"https:\/\/dnorma.fr\/dnorma\/faq\/#primaryimage\",\"inLanguage\":\"fr-FR\",\"url\":\"https:\/\/dnorma.fr\/dnorma\/wp-content\/uploads\/2021\/07\/60eb70b91a630.jpg\",\"contentUrl\":\"https:\/\/dnorma.fr\/dnorma\/wp-content\/uploads\/2021\/07\/60eb70b91a630.jpg\",\"width\":1024,\"height\":401,\"caption\":\"Businessman puts wooden blocks with the word FAQ (frequently asked questions). Collection of frequently asked questions on any topic and answers to them. Instructions and rules on Internet sites\"},{\"@type\":\"WebPage\",\"@id\":\"https:\/\/dnorma.fr\/dnorma\/faq\/#webpage\",\"url\":\"https:\/\/dnorma.fr\/dnorma\/faq\/\",\"name\":\"FAQ - Dnorma conseil\",\"isPartOf\":{\"@id\":\"https:\/\/dnorma.fr\/dnorma\/#website\"},\"primaryImageOfPage\":{\"@id\":\"https:\/\/dnorma.fr\/dnorma\/faq\/#primaryimage\"},\"datePublished\":\"2021-07-05T23:13:45+00:00\",\"dateModified\":\"2026-03-28T18:57:28+00:00\",\"breadcrumb\":{\"@id\":\"https:\/\/dnorma.fr\/dnorma\/faq\/#breadcrumb\"},\"inLanguage\":\"fr-FR\",\"potentialAction\":[{\"@type\":\"ReadAction\",\"target\":[\"https:\/\/dnorma.fr\/dnorma\/faq\/\"]}]},{\"@type\":\"BreadcrumbList\",\"@id\":\"https:\/\/dnorma.fr\/dnorma\/faq\/#breadcrumb\",\"itemListElement\":[{\"@type\":\"ListItem\",\"position\":1,\"name\":\"Accueil\",\"item\":\"https:\/\/dnorma.fr\/dnorma\/\"},{\"@type\":\"ListItem\",\"position\":2,\"name\":\"FAQ\"}]}]}<\/script>\n<!-- \/ Yoast SEO plugin. -->","yoast_head_json":{"title":"FAQ - Dnorma conseil","robots":{"index":"index","follow":"follow","max-snippet":"max-snippet:-1","max-image-preview":"max-image-preview:large","max-video-preview":"max-video-preview:-1"},"canonical":"https:\/\/dnorma.fr\/dnorma\/faq\/","og_locale":"fr_FR","og_type":"article","og_title":"FAQ - Dnorma conseil","og_description":"Quel est votre d\u00e9lai de r\u00e9alisation des paies\u00a0? D\u00e8s r\u00e9ception de vos \u00e9l\u00e9ments variables de paie (nbre d\u2019heures suppl\u00e9mentaires, montant des primes, absences etc) nous mettons vos paies \u00e0 disposition au plus tard sous 48h ouvr\u00e9es, voir m\u00eame avant si cela nous est possible. Pourquoi mettez vous en avant votre logiciel, quel est l\u2019int\u00e9r\u00eat du logiciel SILAE\u00a0? Tout simplement parce que nous voulons mettre \u00e0 votre disposition un outil performant, qui a fait ses preuves &hellip; FAQ Lire la suite\u00a0\u00bb","og_url":"https:\/\/dnorma.fr\/dnorma\/faq\/","og_site_name":"Dnorma conseil","article_publisher":"https:\/\/www.facebook.com\/Dnorma-conseil-2096142100508361","article_modified_time":"2026-03-28T18:57:28+00:00","og_image":[{"url":"https:\/\/dnorma.fr\/dnorma\/wp-content\/uploads\/2021\/07\/60eb70b91a630.jpg"}],"twitter_card":"summary_large_image","twitter_site":"@ConseilDnorma","twitter_misc":{"Dur\u00e9e de lecture estim\u00e9e":"3 minutes"},"schema":{"@context":"https:\/\/schema.org","@graph":[{"@type":"Organization","@id":"https:\/\/dnorma.fr\/dnorma\/#organization","name":"DNORMA CONSEIL","url":"https:\/\/dnorma.fr\/dnorma\/","sameAs":["https:\/\/www.facebook.com\/Dnorma-conseil-2096142100508361","https:\/\/www.instagram.com\/dnorma.conseil","https:\/\/www.linkedin.com\/company\/dnorma-conseil\/","https:\/\/twitter.com\/ConseilDnorma"],"logo":{"@type":"ImageObject","@id":"https:\/\/dnorma.fr\/dnorma\/#logo","inLanguage":"fr-FR","url":"https:\/\/dnorma.fr\/dnorma\/wp-content\/uploads\/2019\/05\/dnorma.png","contentUrl":"https:\/\/dnorma.fr\/dnorma\/wp-content\/uploads\/2019\/05\/dnorma.png","width":500,"height":500,"caption":"DNORMA CONSEIL"},"image":{"@id":"https:\/\/dnorma.fr\/dnorma\/#logo"}},{"@type":"WebSite","@id":"https:\/\/dnorma.fr\/dnorma\/#website","url":"https:\/\/dnorma.fr\/dnorma\/","name":"Dnorma conseil","description":"Solution Paie &amp; Gestion du Personnel","publisher":{"@id":"https:\/\/dnorma.fr\/dnorma\/#organization"},"potentialAction":[{"@type":"SearchAction","target":{"@type":"EntryPoint","urlTemplate":"https:\/\/dnorma.fr\/dnorma\/?s={search_term_string}"},"query-input":"required name=search_term_string"}],"inLanguage":"fr-FR"},{"@type":"ImageObject","@id":"https:\/\/dnorma.fr\/dnorma\/faq\/#primaryimage","inLanguage":"fr-FR","url":"https:\/\/dnorma.fr\/dnorma\/wp-content\/uploads\/2021\/07\/60eb70b91a630.jpg","contentUrl":"https:\/\/dnorma.fr\/dnorma\/wp-content\/uploads\/2021\/07\/60eb70b91a630.jpg","width":1024,"height":401,"caption":"Businessman puts wooden blocks with the word FAQ (frequently asked questions). Collection of frequently asked questions on any topic and answers to them. Instructions and rules on Internet sites"},{"@type":"WebPage","@id":"https:\/\/dnorma.fr\/dnorma\/faq\/#webpage","url":"https:\/\/dnorma.fr\/dnorma\/faq\/","name":"FAQ - Dnorma conseil","isPartOf":{"@id":"https:\/\/dnorma.fr\/dnorma\/#website"},"primaryImageOfPage":{"@id":"https:\/\/dnorma.fr\/dnorma\/faq\/#primaryimage"},"datePublished":"2021-07-05T23:13:45+00:00","dateModified":"2026-03-28T18:57:28+00:00","breadcrumb":{"@id":"https:\/\/dnorma.fr\/dnorma\/faq\/#breadcrumb"},"inLanguage":"fr-FR","potentialAction":[{"@type":"ReadAction","target":["https:\/\/dnorma.fr\/dnorma\/faq\/"]}]},{"@type":"BreadcrumbList","@id":"https:\/\/dnorma.fr\/dnorma\/faq\/#breadcrumb","itemListElement":[{"@type":"ListItem","position":1,"name":"Accueil","item":"https:\/\/dnorma.fr\/dnorma\/"},{"@type":"ListItem","position":2,"name":"FAQ"}]}]}},"uagb_featured_image_src":{"full":false,"thumbnail":false,"medium":false,"medium_large":false,"large":false,"1536x1536":false,"2048x2048":false,"htmega_size_585x295":false,"htmega_size_1170x536":false,"htmega_size_396x360":false,"ultp_layout_landscape_large":false,"ultp_layout_landscape":false,"ultp_layout_portrait":false,"ultp_layout_square":false},"uagb_author_info":{"display_name":"Nathalie Morand","author_link":"https:\/\/dnorma.fr\/dnorma\/author\/nathalie\/"},"uagb_comment_info":0,"uagb_excerpt":"Quel est votre d\u00e9lai de r\u00e9alisation des paies\u00a0? D\u00e8s r\u00e9ception de vos \u00e9l\u00e9ments variables de paie (nbre d\u2019heures suppl\u00e9mentaires, montant des primes, absences etc) nous mettons vos paies \u00e0 disposition au plus tard sous 48h ouvr\u00e9es, voir m\u00eame avant si cela nous est possible. Pourquoi mettez vous en avant votre logiciel, quel est l\u2019int\u00e9r\u00eat du\u2026","_links":{"self":[{"href":"https:\/\/dnorma.fr\/dnorma\/wp-json\/wp\/v2\/pages\/1422"}],"collection":[{"href":"https:\/\/dnorma.fr\/dnorma\/wp-json\/wp\/v2\/pages"}],"about":[{"href":"https:\/\/dnorma.fr\/dnorma\/wp-json\/wp\/v2\/types\/page"}],"author":[{"embeddable":true,"href":"https:\/\/dnorma.fr\/dnorma\/wp-json\/wp\/v2\/users\/3"}],"replies":[{"embeddable":true,"href":"https:\/\/dnorma.fr\/dnorma\/wp-json\/wp\/v2\/comments?post=1422"}],"version-history":[{"count":54,"href":"https:\/\/dnorma.fr\/dnorma\/wp-json\/wp\/v2\/pages\/1422\/revisions"}],"predecessor-version":[{"id":2824,"href":"https:\/\/dnorma.fr\/dnorma\/wp-json\/wp\/v2\/pages\/1422\/revisions\/2824"}],"wp:attachment":[{"href":"https:\/\/dnorma.fr\/dnorma\/wp-json\/wp\/v2\/media?parent=1422"}],"curies":[{"name":"wp","href":"https:\/\/api.w.org\/{rel}","templated":true}]}}