{"id":1638,"date":"2021-07-22T14:11:33","date_gmt":"2021-07-22T12:11:33","guid":{"rendered":"https:\/\/dnorma.fr\/dnorma\/?page_id=1638"},"modified":"2026-03-28T19:38:19","modified_gmt":"2026-03-28T18:38:19","slug":"nos-outils","status":"publish","type":"page","link":"https:\/\/dnorma.fr\/dnorma\/nos-outils\/","title":{"rendered":"Nos Outils"},"content":{"rendered":"\t\t<div data-elementor-type=\"wp-page\" data-elementor-id=\"1638\" class=\"elementor elementor-1638\" data-elementor-settings=\"[]\">\n\t\t\t\t\t\t<div class=\"elementor-inner\">\n\t\t\t\t\t\t\t<div class=\"elementor-section-wrap\">\n\t\t\t\t\t\t\t<section class=\"has_eae_slider elementor-section elementor-top-section elementor-element elementor-element-7bdd46c elementor-section-boxed elementor-section-height-default elementor-section-height-default\" data-id=\"7bdd46c\" data-element_type=\"section\">\n\t\t\t\t\t\t<div class=\"elementor-container elementor-column-gap-default\">\n\t\t\t\t\t\t\t<div class=\"elementor-row\">\n\t\t\t\t\t<div class=\"has_eae_slider elementor-column elementor-col-100 elementor-top-column elementor-element elementor-element-bc19752\" data-id=\"bc19752\" data-element_type=\"column\">\n\t\t\t<div class=\"elementor-column-wrap elementor-element-populated\">\n\t\t\t\t\t\t\t<div class=\"elementor-widget-wrap\">\n\t\t\t\t\t\t<div class=\"elementor-element elementor-element-1beaf81 elementor-widget elementor-widget-heading\" data-id=\"1beaf81\" data-element_type=\"widget\" data-widget_type=\"heading.default\">\n\t\t\t\t<div class=\"elementor-widget-container\">\n\t\t\t<h1 class=\"elementor-heading-title elementor-size-default\">Le partage s\u00e9curis\u00e9 des donn\u00e9es avec<\/h1>\t\t<\/div>\n\t\t\t\t<\/div>\n\t\t\t\t\t\t<\/div>\n\t\t\t\t\t<\/div>\n\t\t<\/div>\n\t\t\t\t\t\t\t\t<\/div>\n\t\t\t\t\t<\/div>\n\t\t<\/section>\n\t\t\t\t<section class=\"has_eae_slider elementor-section elementor-top-section elementor-element elementor-element-2e8ac53 elementor-section-boxed elementor-section-height-default elementor-section-height-default\" data-id=\"2e8ac53\" data-element_type=\"section\">\n\t\t\t\t\t\t<div class=\"elementor-container elementor-column-gap-default\">\n\t\t\t\t\t\t\t<div class=\"elementor-row\">\n\t\t\t\t\t<div class=\"has_eae_slider elementor-column elementor-col-100 elementor-top-column elementor-element elementor-element-0a49c8a\" data-id=\"0a49c8a\" data-element_type=\"column\">\n\t\t\t<div class=\"elementor-column-wrap elementor-element-populated\">\n\t\t\t\t\t\t\t<div class=\"elementor-widget-wrap\">\n\t\t\t\t\t\t<div class=\"elementor-element elementor-element-7a0bbda elementor-widget elementor-widget-image\" data-id=\"7a0bbda\" data-element_type=\"widget\" data-widget_type=\"image.default\">\n\t\t\t\t<div class=\"elementor-widget-container\">\n\t\t\t\t\t\t\t\t<div class=\"elementor-image\">\n\t\t\t\t\t\t\t\t\t\t\t\t<img width=\"300\" height=\"80\" src=\"https:\/\/dnorma.fr\/dnorma\/wp-content\/uploads\/2021\/08\/Synology_Logo.svg-300x80.png\" class=\"attachment-medium size-medium\" alt=\"\" loading=\"lazy\" srcset=\"https:\/\/dnorma.fr\/dnorma\/wp-content\/uploads\/2021\/08\/Synology_Logo.svg-300x80.png 300w, https:\/\/dnorma.fr\/dnorma\/wp-content\/uploads\/2021\/08\/Synology_Logo.svg-1024x273.png 1024w, https:\/\/dnorma.fr\/dnorma\/wp-content\/uploads\/2021\/08\/Synology_Logo.svg-768x205.png 768w, https:\/\/dnorma.fr\/dnorma\/wp-content\/uploads\/2021\/08\/Synology_Logo.svg.png 1280w\" sizes=\"(max-width: 300px) 100vw, 300px\" \/>\t\t\t\t\t\t\t\t\t\t\t\t\t\t<\/div>\n\t\t\t\t\t\t<\/div>\n\t\t\t\t<\/div>\n\t\t\t\t\t\t<\/div>\n\t\t\t\t\t<\/div>\n\t\t<\/div>\n\t\t\t\t\t\t\t\t<\/div>\n\t\t\t\t\t<\/div>\n\t\t<\/section>\n\t\t\t\t<section class=\"has_eae_slider elementor-section elementor-top-section elementor-element elementor-element-e2e1f62 elementor-section-boxed elementor-section-height-default elementor-section-height-default\" data-id=\"e2e1f62\" data-element_type=\"section\">\n\t\t\t\t\t\t<div class=\"elementor-container elementor-column-gap-default\">\n\t\t\t\t\t\t\t<div class=\"elementor-row\">\n\t\t\t\t\t<div class=\"has_eae_slider elementor-column elementor-col-100 elementor-top-column elementor-element elementor-element-d480e2b\" data-id=\"d480e2b\" data-element_type=\"column\">\n\t\t\t<div class=\"elementor-column-wrap elementor-element-populated\">\n\t\t\t\t\t\t\t<div class=\"elementor-widget-wrap\">\n\t\t\t\t\t\t<div class=\"elementor-element elementor-element-d1b79bc elementor-widget elementor-widget-text-editor\" data-id=\"d1b79bc\" data-element_type=\"widget\" data-widget_type=\"text-editor.default\">\n\t\t\t\t<div class=\"elementor-widget-container\">\n\t\t\t\t\t\t\t\t<div class=\"elementor-text-editor elementor-clearfix\">\n\t\t\t\t<p><span style=\"color: #000000;\">Pour s\u00e9curiser le partage des fichiers avec ses clients, DNORMA a choisi la solution Synology.<\/span><br \/><span style=\"color: #000000;\">La <span style=\"color: #29b297;\"><b>solution de\u00a0\u00a0partage s\u00e9curis\u00e9<\/b><\/span><span style=\"font-size: 15px; font-family: var( --e-global-typography-text-font-family );\">\u00a0en ligne fournie par Synology est consid\u00e9r\u00e9e mondialement parmi les plus performantes et les plus s\u00fbres du march\u00e9. C\u2019\u00e9tait l\u2019une des premi\u00e8res \u00e0 se conformer au <span style=\"color: #29b297;\"><b>RGPD<\/b><\/span> (<span style=\"color: #000080;\"><a style=\"color: #000080;\" href=\"https:\/\/www.synology.com\/fr-fr\/privacy\">https:\/\/www.synology.com\/fr-fr\/privacy<\/a><\/span> )<\/span><\/span><\/p><p><span style=\"color: #000000;\">Les donn\u00e9es sont \u00e9galement chiffr\u00e9es avec la norme AES 256-bit, et tous les acc\u00e8s sont contr\u00f4l\u00e9s avec des r\u00e8gles de s\u00e9curisation des mots de passe, du blocage d\u2019adresse IP, de pare-feu par zone g\u00e9ographique, d\u2019une connexion http 2.0, et de certificats SSL multiple.<\/span><\/p>\t\t\t\t\t<\/div>\n\t\t\t\t\t\t<\/div>\n\t\t\t\t<\/div>\n\t\t\t\t\t\t<\/div>\n\t\t\t\t\t<\/div>\n\t\t<\/div>\n\t\t\t\t\t\t\t\t<\/div>\n\t\t\t\t\t<\/div>\n\t\t<\/section>\n\t\t\t\t<section class=\"has_eae_slider elementor-section elementor-top-section elementor-element elementor-element-0c869fc elementor-section-boxed elementor-section-height-default elementor-section-height-default\" data-id=\"0c869fc\" data-element_type=\"section\">\n\t\t\t\t\t\t<div class=\"elementor-container elementor-column-gap-default\">\n\t\t\t\t\t\t\t<div class=\"elementor-row\">\n\t\t\t\t\t<div class=\"has_eae_slider elementor-column elementor-col-100 elementor-top-column elementor-element elementor-element-a3494be\" data-id=\"a3494be\" data-element_type=\"column\">\n\t\t\t<div class=\"elementor-column-wrap elementor-element-populated\">\n\t\t\t\t\t\t\t<div class=\"elementor-widget-wrap\">\n\t\t\t\t\t\t<div class=\"elementor-element elementor-element-7ff1878 elementor-widget-divider--view-line elementor-widget elementor-widget-divider\" data-id=\"7ff1878\" data-element_type=\"widget\" data-widget_type=\"divider.default\">\n\t\t\t\t<div class=\"elementor-widget-container\">\n\t\t\t\t\t<div class=\"elementor-divider\">\n\t\t\t<span class=\"elementor-divider-separator\">\n\t\t\t\t\t\t<\/span>\n\t\t<\/div>\n\t\t\t\t<\/div>\n\t\t\t\t<\/div>\n\t\t\t\t<div class=\"elementor-element elementor-element-881650e elementor-widget__width-initial elementor-widget elementor-widget-image\" data-id=\"881650e\" data-element_type=\"widget\" data-widget_type=\"image.default\">\n\t\t\t\t<div class=\"elementor-widget-container\">\n\t\t\t\t\t\t\t\t<div class=\"elementor-image\">\n\t\t\t\t\t\t\t\t\t\t\t\t<img width=\"300\" height=\"195\" src=\"https:\/\/dnorma.fr\/dnorma\/wp-content\/uploads\/2026\/03\/LOGO-SILAE-Quadr2i.png\" class=\"attachment-medium size-medium\" alt=\"\" loading=\"lazy\" \/>\t\t\t\t\t\t\t\t\t\t\t\t\t\t<\/div>\n\t\t\t\t\t\t<\/div>\n\t\t\t\t<\/div>\n\t\t\t\t<div class=\"elementor-element elementor-element-5c261c4 elementor-widget__width-initial elementor-widget elementor-widget-image\" data-id=\"5c261c4\" data-element_type=\"widget\" data-widget_type=\"image.default\">\n\t\t\t\t<div class=\"elementor-widget-container\">\n\t\t\t\t\t\t\t\t<div class=\"elementor-image\">\n\t\t\t\t\t\t\t\t\t\t\t\t<img width=\"418\" height=\"120\" src=\"https:\/\/dnorma.fr\/dnorma\/wp-content\/uploads\/2026\/03\/open-paie-logo.png\" class=\"attachment-large size-large\" alt=\"\" loading=\"lazy\" srcset=\"https:\/\/dnorma.fr\/dnorma\/wp-content\/uploads\/2026\/03\/open-paie-logo.png 418w, https:\/\/dnorma.fr\/dnorma\/wp-content\/uploads\/2026\/03\/open-paie-logo-300x86.png 300w\" sizes=\"(max-width: 418px) 100vw, 418px\" \/>\t\t\t\t\t\t\t\t\t\t\t\t\t\t<\/div>\n\t\t\t\t\t\t<\/div>\n\t\t\t\t<\/div>\n\t\t\t\t\t\t<\/div>\n\t\t\t\t\t<\/div>\n\t\t<\/div>\n\t\t\t\t\t\t\t\t<\/div>\n\t\t\t\t\t<\/div>\n\t\t<\/section>\n\t\t\t\t<section class=\"has_eae_slider elementor-section elementor-top-section elementor-element elementor-element-a59dd4f elementor-section-boxed elementor-section-height-default elementor-section-height-default\" data-id=\"a59dd4f\" data-element_type=\"section\">\n\t\t\t\t\t\t<div class=\"elementor-container elementor-column-gap-default\">\n\t\t\t\t\t\t\t<div class=\"elementor-row\">\n\t\t\t\t\t<div class=\"has_eae_slider elementor-column elementor-col-100 elementor-top-column elementor-element elementor-element-efe221b\" data-id=\"efe221b\" data-element_type=\"column\">\n\t\t\t<div class=\"elementor-column-wrap elementor-element-populated\">\n\t\t\t\t\t\t\t<div class=\"elementor-widget-wrap\">\n\t\t\t\t\t\t<div class=\"elementor-element elementor-element-db4778f elementor-widget elementor-widget-text-editor\" data-id=\"db4778f\" data-element_type=\"widget\" data-widget_type=\"text-editor.default\">\n\t\t\t\t<div class=\"elementor-widget-container\">\n\t\t\t\t\t\t\t\t<div class=\"elementor-text-editor elementor-clearfix\">\n\t\t\t\t<h5 data-start=\"154\" data-end=\"216\">Chez DNORMA, la gestion de la paie est notre c\u0153ur de m\u00e9tier.<\/h5><p data-start=\"223\" data-end=\"364\">Nous utilisons le logiciel Silae afin de vous garantir une gestion de la paie fiable, s\u00e9curis\u00e9e et conforme \u00e0 la r\u00e9glementation en vigueur.<\/p><p data-start=\"223\" data-end=\"364\"><span style=\"font-size: 16px;\">Cet outil nous permet de produire vos bulletins rapidement et de vous offrir un suivi clair et structur\u00e9.<\/span><\/p><p data-start=\"371\" data-end=\"478\"><span style=\"font-size: 16px;\">Vous b\u00e9n\u00e9ficiez ainsi d\u2019un accompagnement professionnel, d\u2019un acc\u00e8s simple \u00e0 vos documents et d\u2019une gestion sociale parfaitement ma\u00eetris\u00e9e.<\/span><span style=\"font-size: 16px;\">Avec DNORMA, vous vous concentrez sur votre activit\u00e9, nous nous occupons du reste.<\/span><\/p>\t\t\t\t\t<\/div>\n\t\t\t\t\t\t<\/div>\n\t\t\t\t<\/div>\n\t\t\t\t\t\t<\/div>\n\t\t\t\t\t<\/div>\n\t\t<\/div>\n\t\t\t\t\t\t\t\t<\/div>\n\t\t\t\t\t<\/div>\n\t\t<\/section>\n\t\t\t\t<section class=\"has_eae_slider elementor-section elementor-top-section elementor-element elementor-element-ad8ec14 elementor-section-boxed elementor-section-height-default elementor-section-height-default\" data-id=\"ad8ec14\" data-element_type=\"section\">\n\t\t\t\t\t\t<div class=\"elementor-container elementor-column-gap-default\">\n\t\t\t\t\t\t\t<div class=\"elementor-row\">\n\t\t\t\t\t<div class=\"has_eae_slider elementor-column elementor-col-100 elementor-top-column elementor-element elementor-element-7c42766\" data-id=\"7c42766\" data-element_type=\"column\">\n\t\t\t<div class=\"elementor-column-wrap elementor-element-populated\">\n\t\t\t\t\t\t\t<div class=\"elementor-widget-wrap\">\n\t\t\t\t\t\t<div class=\"elementor-element elementor-element-c846884 elementor-widget elementor-widget-image\" data-id=\"c846884\" data-element_type=\"widget\" data-widget_type=\"image.default\">\n\t\t\t\t<div class=\"elementor-widget-container\">\n\t\t\t\t\t\t\t\t<div class=\"elementor-image\">\n\t\t\t\t\t\t\t\t\t\t\t\t<img width=\"200\" height=\"188\" src=\"https:\/\/dnorma.fr\/dnorma\/wp-content\/uploads\/2026\/03\/SVP-logo.jpg\" class=\"attachment-large size-large\" alt=\"\" loading=\"lazy\" \/>\t\t\t\t\t\t\t\t\t\t\t\t\t\t<\/div>\n\t\t\t\t\t\t<\/div>\n\t\t\t\t<\/div>\n\t\t\t\t<div class=\"elementor-element elementor-element-c31534b elementor-widget elementor-widget-text-editor\" data-id=\"c31534b\" data-element_type=\"widget\" data-widget_type=\"text-editor.default\">\n\t\t\t\t<div class=\"elementor-widget-container\">\n\t\t\t\t\t\t\t\t<div class=\"elementor-text-editor elementor-clearfix\">\n\t\t\t\t<p>Pour vous accompagner au quotidien sur vos probl\u00e9matiques RH, nous nous appuyons \u00e9galement sur l\u2019expertise du <span class=\"hover:entity-accent entity-underline inline cursor-pointer align-baseline\">SVP<\/span>, qui nous permet de vous apporter des r\u00e9ponses pr\u00e9cises et actualis\u00e9es en mati\u00e8re de droit social.<\/p>\t\t\t\t\t<\/div>\n\t\t\t\t\t\t<\/div>\n\t\t\t\t<\/div>\n\t\t\t\t\t\t<\/div>\n\t\t\t\t\t<\/div>\n\t\t<\/div>\n\t\t\t\t\t\t\t\t<\/div>\n\t\t\t\t\t<\/div>\n\t\t<\/section>\n\t\t\t\t\t\t<\/div>\n\t\t\t\t\t\t<\/div>\n\t\t\t\t\t<\/div>\n\t\t","protected":false},"excerpt":{"rendered":"<p>Le partage s\u00e9curis\u00e9 des donn\u00e9es avec Pour s\u00e9curiser le partage des fichiers avec ses clients, DNORMA a choisi la solution Synology.La solution de\u00a0\u00a0partage s\u00e9curis\u00e9\u00a0en ligne fournie par Synology est consid\u00e9r\u00e9e mondialement parmi les plus performantes et les plus s\u00fbres du march\u00e9. C\u2019\u00e9tait l\u2019une des premi\u00e8res \u00e0 se conformer au RGPD (https:\/\/www.synology.com\/fr-fr\/privacy ) Les donn\u00e9es sont \u00e9galement chiffr\u00e9es avec la norme AES 256-bit, et tous les acc\u00e8s sont contr\u00f4l\u00e9s avec des r\u00e8gles de s\u00e9curisation des mots &hellip;<\/p>\n<p class=\"read-more\"> <a class=\"\" href=\"https:\/\/dnorma.fr\/dnorma\/nos-outils\/\"> <span class=\"screen-reader-text\">Nos Outils<\/span> Lire la suite\u00a0\u00bb<\/a><\/p>\n","protected":false},"author":3,"featured_media":0,"parent":0,"menu_order":0,"comment_status":"closed","ping_status":"closed","template":"","meta":{"spay_email":""},"yoast_head":"<!-- This site is optimized with the Yoast SEO plugin v17.3 - https:\/\/yoast.com\/wordpress\/plugins\/seo\/ -->\n<title>Nos Outils - Dnorma conseil<\/title>\n<meta name=\"robots\" content=\"index, follow, max-snippet:-1, max-image-preview:large, max-video-preview:-1\" \/>\n<link rel=\"canonical\" href=\"https:\/\/dnorma.fr\/dnorma\/nos-outils\/\" \/>\n<meta property=\"og:locale\" content=\"fr_FR\" \/>\n<meta property=\"og:type\" content=\"article\" \/>\n<meta property=\"og:title\" content=\"Nos Outils - Dnorma conseil\" \/>\n<meta property=\"og:description\" content=\"Le partage s\u00e9curis\u00e9 des donn\u00e9es avec Pour s\u00e9curiser le partage des fichiers avec ses clients, DNORMA a choisi la solution Synology.La solution de\u00a0\u00a0partage s\u00e9curis\u00e9\u00a0en ligne fournie par Synology est consid\u00e9r\u00e9e mondialement parmi les plus performantes et les plus s\u00fbres du march\u00e9. C\u2019\u00e9tait l\u2019une des premi\u00e8res \u00e0 se conformer au RGPD (https:\/\/www.synology.com\/fr-fr\/privacy ) Les donn\u00e9es sont \u00e9galement chiffr\u00e9es avec la norme AES 256-bit, et tous les acc\u00e8s sont contr\u00f4l\u00e9s avec des r\u00e8gles de s\u00e9curisation des mots &hellip; Nos Outils Lire la suite\u00a0\u00bb\" \/>\n<meta property=\"og:url\" content=\"https:\/\/dnorma.fr\/dnorma\/nos-outils\/\" \/>\n<meta property=\"og:site_name\" content=\"Dnorma conseil\" \/>\n<meta property=\"article:publisher\" content=\"https:\/\/www.facebook.com\/Dnorma-conseil-2096142100508361\" \/>\n<meta property=\"article:modified_time\" content=\"2026-03-28T18:38:19+00:00\" \/>\n<meta property=\"og:image\" content=\"https:\/\/dnorma.fr\/dnorma\/wp-content\/uploads\/2021\/08\/Synology_Logo.svg-300x80.png\" \/>\n<meta name=\"twitter:card\" content=\"summary_large_image\" \/>\n<meta name=\"twitter:site\" content=\"@ConseilDnorma\" \/>\n<meta name=\"twitter:label1\" content=\"Dur\u00e9e de lecture estim\u00e9e\" \/>\n\t<meta name=\"twitter:data1\" content=\"1 minute\" \/>\n<script type=\"application\/ld+json\" class=\"yoast-schema-graph\">{\"@context\":\"https:\/\/schema.org\",\"@graph\":[{\"@type\":\"Organization\",\"@id\":\"https:\/\/dnorma.fr\/dnorma\/#organization\",\"name\":\"DNORMA CONSEIL\",\"url\":\"https:\/\/dnorma.fr\/dnorma\/\",\"sameAs\":[\"https:\/\/www.facebook.com\/Dnorma-conseil-2096142100508361\",\"https:\/\/www.instagram.com\/dnorma.conseil\",\"https:\/\/www.linkedin.com\/company\/dnorma-conseil\/\",\"https:\/\/twitter.com\/ConseilDnorma\"],\"logo\":{\"@type\":\"ImageObject\",\"@id\":\"https:\/\/dnorma.fr\/dnorma\/#logo\",\"inLanguage\":\"fr-FR\",\"url\":\"https:\/\/dnorma.fr\/dnorma\/wp-content\/uploads\/2019\/05\/dnorma.png\",\"contentUrl\":\"https:\/\/dnorma.fr\/dnorma\/wp-content\/uploads\/2019\/05\/dnorma.png\",\"width\":500,\"height\":500,\"caption\":\"DNORMA CONSEIL\"},\"image\":{\"@id\":\"https:\/\/dnorma.fr\/dnorma\/#logo\"}},{\"@type\":\"WebSite\",\"@id\":\"https:\/\/dnorma.fr\/dnorma\/#website\",\"url\":\"https:\/\/dnorma.fr\/dnorma\/\",\"name\":\"Dnorma conseil\",\"description\":\"Solution Paie &amp; Gestion du Personnel\",\"publisher\":{\"@id\":\"https:\/\/dnorma.fr\/dnorma\/#organization\"},\"potentialAction\":[{\"@type\":\"SearchAction\",\"target\":{\"@type\":\"EntryPoint\",\"urlTemplate\":\"https:\/\/dnorma.fr\/dnorma\/?s={search_term_string}\"},\"query-input\":\"required name=search_term_string\"}],\"inLanguage\":\"fr-FR\"},{\"@type\":\"ImageObject\",\"@id\":\"https:\/\/dnorma.fr\/dnorma\/nos-outils\/#primaryimage\",\"inLanguage\":\"fr-FR\",\"url\":\"https:\/\/dnorma.fr\/dnorma\/wp-content\/uploads\/2021\/08\/Synology_Logo.svg.png\",\"contentUrl\":\"https:\/\/dnorma.fr\/dnorma\/wp-content\/uploads\/2021\/08\/Synology_Logo.svg.png\",\"width\":1280,\"height\":341},{\"@type\":\"WebPage\",\"@id\":\"https:\/\/dnorma.fr\/dnorma\/nos-outils\/#webpage\",\"url\":\"https:\/\/dnorma.fr\/dnorma\/nos-outils\/\",\"name\":\"Nos Outils - Dnorma conseil\",\"isPartOf\":{\"@id\":\"https:\/\/dnorma.fr\/dnorma\/#website\"},\"primaryImageOfPage\":{\"@id\":\"https:\/\/dnorma.fr\/dnorma\/nos-outils\/#primaryimage\"},\"datePublished\":\"2021-07-22T12:11:33+00:00\",\"dateModified\":\"2026-03-28T18:38:19+00:00\",\"breadcrumb\":{\"@id\":\"https:\/\/dnorma.fr\/dnorma\/nos-outils\/#breadcrumb\"},\"inLanguage\":\"fr-FR\",\"potentialAction\":[{\"@type\":\"ReadAction\",\"target\":[\"https:\/\/dnorma.fr\/dnorma\/nos-outils\/\"]}]},{\"@type\":\"BreadcrumbList\",\"@id\":\"https:\/\/dnorma.fr\/dnorma\/nos-outils\/#breadcrumb\",\"itemListElement\":[{\"@type\":\"ListItem\",\"position\":1,\"name\":\"Accueil\",\"item\":\"https:\/\/dnorma.fr\/dnorma\/\"},{\"@type\":\"ListItem\",\"position\":2,\"name\":\"Nos Outils\"}]}]}<\/script>\n<!-- \/ Yoast SEO plugin. -->","yoast_head_json":{"title":"Nos Outils - Dnorma conseil","robots":{"index":"index","follow":"follow","max-snippet":"max-snippet:-1","max-image-preview":"max-image-preview:large","max-video-preview":"max-video-preview:-1"},"canonical":"https:\/\/dnorma.fr\/dnorma\/nos-outils\/","og_locale":"fr_FR","og_type":"article","og_title":"Nos Outils - Dnorma conseil","og_description":"Le partage s\u00e9curis\u00e9 des donn\u00e9es avec Pour s\u00e9curiser le partage des fichiers avec ses clients, DNORMA a choisi la solution Synology.La solution de\u00a0\u00a0partage s\u00e9curis\u00e9\u00a0en ligne fournie par Synology est consid\u00e9r\u00e9e mondialement parmi les plus performantes et les plus s\u00fbres du march\u00e9. C\u2019\u00e9tait l\u2019une des premi\u00e8res \u00e0 se conformer au RGPD (https:\/\/www.synology.com\/fr-fr\/privacy ) Les donn\u00e9es sont \u00e9galement chiffr\u00e9es avec la norme AES 256-bit, et tous les acc\u00e8s sont contr\u00f4l\u00e9s avec des r\u00e8gles de s\u00e9curisation des mots &hellip; Nos Outils Lire la suite\u00a0\u00bb","og_url":"https:\/\/dnorma.fr\/dnorma\/nos-outils\/","og_site_name":"Dnorma conseil","article_publisher":"https:\/\/www.facebook.com\/Dnorma-conseil-2096142100508361","article_modified_time":"2026-03-28T18:38:19+00:00","og_image":[{"url":"https:\/\/dnorma.fr\/dnorma\/wp-content\/uploads\/2021\/08\/Synology_Logo.svg-300x80.png"}],"twitter_card":"summary_large_image","twitter_site":"@ConseilDnorma","twitter_misc":{"Dur\u00e9e de lecture estim\u00e9e":"1 minute"},"schema":{"@context":"https:\/\/schema.org","@graph":[{"@type":"Organization","@id":"https:\/\/dnorma.fr\/dnorma\/#organization","name":"DNORMA CONSEIL","url":"https:\/\/dnorma.fr\/dnorma\/","sameAs":["https:\/\/www.facebook.com\/Dnorma-conseil-2096142100508361","https:\/\/www.instagram.com\/dnorma.conseil","https:\/\/www.linkedin.com\/company\/dnorma-conseil\/","https:\/\/twitter.com\/ConseilDnorma"],"logo":{"@type":"ImageObject","@id":"https:\/\/dnorma.fr\/dnorma\/#logo","inLanguage":"fr-FR","url":"https:\/\/dnorma.fr\/dnorma\/wp-content\/uploads\/2019\/05\/dnorma.png","contentUrl":"https:\/\/dnorma.fr\/dnorma\/wp-content\/uploads\/2019\/05\/dnorma.png","width":500,"height":500,"caption":"DNORMA CONSEIL"},"image":{"@id":"https:\/\/dnorma.fr\/dnorma\/#logo"}},{"@type":"WebSite","@id":"https:\/\/dnorma.fr\/dnorma\/#website","url":"https:\/\/dnorma.fr\/dnorma\/","name":"Dnorma conseil","description":"Solution Paie &amp; Gestion du Personnel","publisher":{"@id":"https:\/\/dnorma.fr\/dnorma\/#organization"},"potentialAction":[{"@type":"SearchAction","target":{"@type":"EntryPoint","urlTemplate":"https:\/\/dnorma.fr\/dnorma\/?s={search_term_string}"},"query-input":"required name=search_term_string"}],"inLanguage":"fr-FR"},{"@type":"ImageObject","@id":"https:\/\/dnorma.fr\/dnorma\/nos-outils\/#primaryimage","inLanguage":"fr-FR","url":"https:\/\/dnorma.fr\/dnorma\/wp-content\/uploads\/2021\/08\/Synology_Logo.svg.png","contentUrl":"https:\/\/dnorma.fr\/dnorma\/wp-content\/uploads\/2021\/08\/Synology_Logo.svg.png","width":1280,"height":341},{"@type":"WebPage","@id":"https:\/\/dnorma.fr\/dnorma\/nos-outils\/#webpage","url":"https:\/\/dnorma.fr\/dnorma\/nos-outils\/","name":"Nos Outils - Dnorma conseil","isPartOf":{"@id":"https:\/\/dnorma.fr\/dnorma\/#website"},"primaryImageOfPage":{"@id":"https:\/\/dnorma.fr\/dnorma\/nos-outils\/#primaryimage"},"datePublished":"2021-07-22T12:11:33+00:00","dateModified":"2026-03-28T18:38:19+00:00","breadcrumb":{"@id":"https:\/\/dnorma.fr\/dnorma\/nos-outils\/#breadcrumb"},"inLanguage":"fr-FR","potentialAction":[{"@type":"ReadAction","target":["https:\/\/dnorma.fr\/dnorma\/nos-outils\/"]}]},{"@type":"BreadcrumbList","@id":"https:\/\/dnorma.fr\/dnorma\/nos-outils\/#breadcrumb","itemListElement":[{"@type":"ListItem","position":1,"name":"Accueil","item":"https:\/\/dnorma.fr\/dnorma\/"},{"@type":"ListItem","position":2,"name":"Nos Outils"}]}]}},"uagb_featured_image_src":{"full":false,"thumbnail":false,"medium":false,"medium_large":false,"large":false,"1536x1536":false,"2048x2048":false,"htmega_size_585x295":false,"htmega_size_1170x536":false,"htmega_size_396x360":false,"ultp_layout_landscape_large":false,"ultp_layout_landscape":false,"ultp_layout_portrait":false,"ultp_layout_square":false},"uagb_author_info":{"display_name":"Nathalie Morand","author_link":"https:\/\/dnorma.fr\/dnorma\/author\/nathalie\/"},"uagb_comment_info":0,"uagb_excerpt":"Le partage s\u00e9curis\u00e9 des donn\u00e9es avec Pour s\u00e9curiser le partage des fichiers avec ses clients, DNORMA a choisi la solution Synology.La solution de\u00a0\u00a0partage s\u00e9curis\u00e9\u00a0en ligne fournie par Synology est consid\u00e9r\u00e9e mondialement parmi les plus performantes et les plus s\u00fbres du march\u00e9. C\u2019\u00e9tait l\u2019une des premi\u00e8res \u00e0 se conformer au RGPD (https:\/\/www.synology.com\/fr-fr\/privacy ) Les donn\u00e9es sont\u2026","_links":{"self":[{"href":"https:\/\/dnorma.fr\/dnorma\/wp-json\/wp\/v2\/pages\/1638"}],"collection":[{"href":"https:\/\/dnorma.fr\/dnorma\/wp-json\/wp\/v2\/pages"}],"about":[{"href":"https:\/\/dnorma.fr\/dnorma\/wp-json\/wp\/v2\/types\/page"}],"author":[{"embeddable":true,"href":"https:\/\/dnorma.fr\/dnorma\/wp-json\/wp\/v2\/users\/3"}],"replies":[{"embeddable":true,"href":"https:\/\/dnorma.fr\/dnorma\/wp-json\/wp\/v2\/comments?post=1638"}],"version-history":[{"count":64,"href":"https:\/\/dnorma.fr\/dnorma\/wp-json\/wp\/v2\/pages\/1638\/revisions"}],"predecessor-version":[{"id":2805,"href":"https:\/\/dnorma.fr\/dnorma\/wp-json\/wp\/v2\/pages\/1638\/revisions\/2805"}],"wp:attachment":[{"href":"https:\/\/dnorma.fr\/dnorma\/wp-json\/wp\/v2\/media?parent=1638"}],"curies":[{"name":"wp","href":"https:\/\/api.w.org\/{rel}","templated":true}]}}